{"id":9,"date":"2016-06-06T07:50:33","date_gmt":"2016-06-06T07:50:33","guid":{"rendered":"http:\/\/www.pumpa-servis.com\/?page_id=9"},"modified":"2025-01-04T15:09:39","modified_gmt":"2025-01-04T15:09:39","slug":"pocetna","status":"publish","type":"page","link":"http:\/\/www.pumpa-servis.com\/hr\/","title":{"rendered":"PO\u010cETNA"},"content":{"rendered":"\n<p><\/p>\n\n\n\n<p><\/p>\n\n\n\n<p><\/p>\n\n\n<p style=\"text-align: center;\" align=\"CENTER\">&nbsp;<\/p>\n<p align=\"CENTER\"><strong><em>OBITELJSKA&nbsp; TRADICIJA OD <span style=\"font-family: Calibri;\">1948<\/span> GODINE U ODRZAVANJU DIESEL SUSTAVA<\/em><span style=\"font-family: Calibri;\">&nbsp;<\/span><\/strong><\/p>\n<p align=\"CENTER\"><div aria-live=\"polite\" id=\"soliloquy-container-73\" class=\"soliloquy-container soliloquy-transition-fade  soliloquy-theme-base\" style=\"max-width:960px;max-height:400px;\"><ul id=\"soliloquy-73\" class=\"soliloquy-slider soliloquy-slides soliloquy-wrap soliloquy-clear\"><li aria-hidden=\"true\" class=\"soliloquy-item soliloquy-item-1 soliloquy-image-slide\" draggable=\"false\" style=\"list-style:none\"><img decoding=\"async\" id=\"soliloquy-image-82\" class=\"soliloquy-image soliloquy-image-1\" src=\"http:\/\/www.pumpa-servis.com\/wp-content\/uploads\/2016\/06\/DSCN0491-960x400_c.jpg\" alt=\"DSCN0491\" \/><\/li><\/ul><\/div><noscript><style type=\"text\/css\">#soliloquy-container-73{opacity:1}<\/style><\/noscript><\/p>\n<p align=\"JUSTIFY\"><span style=\"color: #993300;\"><em>Vi<span style=\"font-family: Calibri;\">\u0161e od 60 godina u na\u0161oj obitelji njeguje se tradicija u odr\u017eavanju i popravljanju diesel sustava ubrizgavanja goriva. Od 1980 godine djelujemo kao obrt pod nazivom PUMPA. <\/span><\/em><\/span><\/p>\n<p align=\"JUSTIFY\"><span style=\"color: #993300;\"><em>Specijalizirani smo i za popravak svih vrsta turbopunja<span style=\"font-family: Calibri;\">\u010da (turbokompresora) za dieselske i benzinske agregate.<\/span><\/em><\/span><\/p>\n<p align=\"JUSTIFY\"><span style=\"color: #993300;\"><em>U na<span style=\"font-family: Calibri;\">\u0161oj radionici nudimo kompletnu uslugu popravaka svih vrsta visokotla\u010dnih pumpi proizvo\u0111a\u010da Bosch, Lucas-Cav, Delphi, Zexell, Denso, te svih vrsta ubrizga\u010da (dizni) konvecionalnih sistema. Tako\u0111er vr\u0161imo uslugu popravka common-rail sistema odnosno pumpi i injektora. U specijaliziranom odjelu popraviti \u0107emo i va\u0161 turbopunja\u010d po svjetskim standardima i kvaliteti. <\/span><\/em><\/span><\/p>\n<p align=\"JUSTIFY\"><span style=\"color: #993300;\"><em><span style=\"font-family: Calibri;\"><span style=\"font-family: Georgia;\">Nadalje<\/span>&nbsp;u radionici obavljamo monta\u017eu i demonta\u017eu svih segmenata koje su u djelokrugu na\u0161eg posla. Ukoliko imate problema sa va\u0161im diesel vozilom nudimo uslugu kompjuterske dijagnostike ukomponirane sa iskustvom. Na sve na\u0161e usluge dajemo pismeno jamstvo, a najve\u0107a nam je radost zadovoljstvo na\u0161ih klijenata.<\/span><\/em><\/span><\/p>\n<p>&nbsp;<\/p>\n<p>&nbsp;<\/p>","protected":false},"excerpt":{"rendered":"<p><!-- wp:paragraph --><\/p>\n<p><!-- \/wp:paragraph --><\/p>\n<p><!-- wp:paragraph --><\/p>\n<p><!-- \/wp:paragraph --><\/p>\n<p><!-- wp:paragraph --><\/p>\n<p><!-- \/wp:paragraph --><\/p>\n<p style=\"text-align: center;\" align=\"CENTER\">&nbsp;<\/p>\n<p align=\"CENTER\"><strong><em>O&#8230;<\/p>\n","protected":false},"author":1,"featured_media":0,"parent":0,"menu_order":0,"comment_status":"closed","ping_status":"closed","template":"","meta":{"ngg_post_thumbnail":0,"jetpack_post_was_ever_published":false,"footnotes":""},"class_list":["post-9","page","type-page","status-publish","hentry"],"yoast_head":"<!-- This site is optimized with the Yoast SEO plugin v24.2 - https:\/\/yoast.com\/wordpress\/plugins\/seo\/ -->\n<title>PO\u010cETNA - PUMPA SERVIS<\/title>\n<meta name=\"description\" content=\"Specijalizirani smo bosch servis za popravak svih bosch pumpi . U na\u0161oj radionici nudimo kompletnu uslugu popravaka svih vrsta, bosch pumpe, proizvo\u0111a\u010da Bosch, Lucas-Cav, Delphi, Zexell, Denso, te svih vrsta ubrizga\u010da (dizni) konvecionalnih sistema. Tako\u0111er vr\u0161imo uslugu popravka common-rail sistema.\" \/>\n<meta name=\"robots\" content=\"index, follow, max-snippet:-1, max-image-preview:large, max-video-preview:-1\" \/>\n<link rel=\"canonical\" href=\"http:\/\/www.pumpa-servis.com\/hr\/\" \/>\n<meta property=\"og:locale\" content=\"hr_HR\" \/>\n<meta property=\"og:type\" content=\"article\" \/>\n<meta property=\"og:title\" content=\"PO\u010cETNA - PUMPA SERVIS\" \/>\n<meta property=\"og:description\" content=\"Specijalizirani smo bosch servis za popravak svih bosch pumpi . U na\u0161oj radionici nudimo kompletnu uslugu popravaka svih vrsta, bosch pumpe, proizvo\u0111a\u010da Bosch, Lucas-Cav, Delphi, Zexell, Denso, te svih vrsta ubrizga\u010da (dizni) konvecionalnih sistema. Tako\u0111er vr\u0161imo uslugu popravka common-rail sistema.\" \/>\n<meta property=\"og:url\" content=\"http:\/\/www.pumpa-servis.com\/hr\/\" \/>\n<meta property=\"og:site_name\" content=\"PUMPA SERVIS\" \/>\n<meta property=\"article:modified_time\" content=\"2025-01-04T15:09:39+00:00\" \/>\n<meta name=\"twitter:card\" content=\"summary_large_image\" \/>\n<meta name=\"twitter:label1\" content=\"Procijenjeno vrijeme \u010ditanja\" \/>\n\t<meta name=\"twitter:data1\" content=\"1 minuta\" \/>\n<script type=\"application\/ld+json\" class=\"yoast-schema-graph\">{\"@context\":\"https:\/\/schema.org\",\"@graph\":[{\"@type\":\"WebPage\",\"@id\":\"http:\/\/www.pumpa-servis.com\/hr\/\",\"url\":\"http:\/\/www.pumpa-servis.com\/hr\/\",\"name\":\"PO\u010cETNA - PUMPA SERVIS\",\"isPartOf\":{\"@id\":\"http:\/\/www.pumpa-servis.com\/hr\/#website\"},\"datePublished\":\"2016-06-06T07:50:33+00:00\",\"dateModified\":\"2025-01-04T15:09:39+00:00\",\"description\":\"Specijalizirani smo bosch servis za popravak svih bosch pumpi . U na\u0161oj radionici nudimo kompletnu uslugu popravaka svih vrsta, bosch pumpe, proizvo\u0111a\u010da Bosch, Lucas-Cav, Delphi, Zexell, Denso, te svih vrsta ubrizga\u010da (dizni) konvecionalnih sistema. Tako\u0111er vr\u0161imo uslugu popravka common-rail sistema.\",\"breadcrumb\":{\"@id\":\"http:\/\/www.pumpa-servis.com\/hr\/#breadcrumb\"},\"inLanguage\":\"hr\",\"potentialAction\":[{\"@type\":\"ReadAction\",\"target\":[\"http:\/\/www.pumpa-servis.com\/hr\/\"]}]},{\"@type\":\"BreadcrumbList\",\"@id\":\"http:\/\/www.pumpa-servis.com\/hr\/#breadcrumb\",\"itemListElement\":[{\"@type\":\"ListItem\",\"position\":1,\"name\":\"Po\u010detna stranica\",\"item\":\"http:\/\/www.pumpa-servis.com\/hr\/\"},{\"@type\":\"ListItem\",\"position\":2,\"name\":\"PO\u010cETNA\"}]},{\"@type\":\"WebSite\",\"@id\":\"http:\/\/www.pumpa-servis.com\/hr\/#website\",\"url\":\"http:\/\/www.pumpa-servis.com\/hr\/\",\"name\":\"PUMPA SERVIS\",\"description\":\"SERVIS BOSCH PUMPI,TURBINA\",\"publisher\":{\"@id\":\"http:\/\/www.pumpa-servis.com\/hr\/#organization\"},\"potentialAction\":[{\"@type\":\"SearchAction\",\"target\":{\"@type\":\"EntryPoint\",\"urlTemplate\":\"http:\/\/www.pumpa-servis.com\/hr\/?s={search_term_string}\"},\"query-input\":{\"@type\":\"PropertyValueSpecification\",\"valueRequired\":true,\"valueName\":\"search_term_string\"}}],\"inLanguage\":\"hr\"},{\"@type\":\"Organization\",\"@id\":\"http:\/\/www.pumpa-servis.com\/hr\/#organization\",\"name\":\"PUMPA SERVIS\",\"url\":\"http:\/\/www.pumpa-servis.com\/hr\/\",\"logo\":{\"@type\":\"ImageObject\",\"inLanguage\":\"hr\",\"@id\":\"http:\/\/www.pumpa-servis.com\/hr\/#\/schema\/logo\/image\/\",\"url\":\"http:\/\/www.pumpa-servis.com\/wp-content\/uploads\/2017\/01\/cropped-logo1-e1484501931279-1.png\",\"contentUrl\":\"http:\/\/www.pumpa-servis.com\/wp-content\/uploads\/2017\/01\/cropped-logo1-e1484501931279-1.png\",\"width\":240,\"height\":32,\"caption\":\"PUMPA SERVIS\"},\"image\":{\"@id\":\"http:\/\/www.pumpa-servis.com\/hr\/#\/schema\/logo\/image\/\"}}]}<\/script>\n<!-- \/ Yoast SEO plugin. -->","yoast_head_json":{"title":"PO\u010cETNA - PUMPA SERVIS","description":"Specijalizirani smo bosch servis za popravak svih bosch pumpi . U na\u0161oj radionici nudimo kompletnu uslugu popravaka svih vrsta, bosch pumpe, proizvo\u0111a\u010da Bosch, Lucas-Cav, Delphi, Zexell, Denso, te svih vrsta ubrizga\u010da (dizni) konvecionalnih sistema. Tako\u0111er vr\u0161imo uslugu popravka common-rail sistema.","robots":{"index":"index","follow":"follow","max-snippet":"max-snippet:-1","max-image-preview":"max-image-preview:large","max-video-preview":"max-video-preview:-1"},"canonical":"http:\/\/www.pumpa-servis.com\/hr\/","og_locale":"hr_HR","og_type":"article","og_title":"PO\u010cETNA - PUMPA SERVIS","og_description":"Specijalizirani smo bosch servis za popravak svih bosch pumpi . U na\u0161oj radionici nudimo kompletnu uslugu popravaka svih vrsta, bosch pumpe, proizvo\u0111a\u010da Bosch, Lucas-Cav, Delphi, Zexell, Denso, te svih vrsta ubrizga\u010da (dizni) konvecionalnih sistema. Tako\u0111er vr\u0161imo uslugu popravka common-rail sistema.","og_url":"http:\/\/www.pumpa-servis.com\/hr\/","og_site_name":"PUMPA SERVIS","article_modified_time":"2025-01-04T15:09:39+00:00","twitter_card":"summary_large_image","twitter_misc":{"Procijenjeno vrijeme \u010ditanja":"1 minuta"},"schema":{"@context":"https:\/\/schema.org","@graph":[{"@type":"WebPage","@id":"http:\/\/www.pumpa-servis.com\/hr\/","url":"http:\/\/www.pumpa-servis.com\/hr\/","name":"PO\u010cETNA - PUMPA SERVIS","isPartOf":{"@id":"http:\/\/www.pumpa-servis.com\/hr\/#website"},"datePublished":"2016-06-06T07:50:33+00:00","dateModified":"2025-01-04T15:09:39+00:00","description":"Specijalizirani smo bosch servis za popravak svih bosch pumpi . U na\u0161oj radionici nudimo kompletnu uslugu popravaka svih vrsta, bosch pumpe, proizvo\u0111a\u010da Bosch, Lucas-Cav, Delphi, Zexell, Denso, te svih vrsta ubrizga\u010da (dizni) konvecionalnih sistema. Tako\u0111er vr\u0161imo uslugu popravka common-rail sistema.","breadcrumb":{"@id":"http:\/\/www.pumpa-servis.com\/hr\/#breadcrumb"},"inLanguage":"hr","potentialAction":[{"@type":"ReadAction","target":["http:\/\/www.pumpa-servis.com\/hr\/"]}]},{"@type":"BreadcrumbList","@id":"http:\/\/www.pumpa-servis.com\/hr\/#breadcrumb","itemListElement":[{"@type":"ListItem","position":1,"name":"Po\u010detna stranica","item":"http:\/\/www.pumpa-servis.com\/hr\/"},{"@type":"ListItem","position":2,"name":"PO\u010cETNA"}]},{"@type":"WebSite","@id":"http:\/\/www.pumpa-servis.com\/hr\/#website","url":"http:\/\/www.pumpa-servis.com\/hr\/","name":"PUMPA SERVIS","description":"SERVIS BOSCH PUMPI,TURBINA","publisher":{"@id":"http:\/\/www.pumpa-servis.com\/hr\/#organization"},"potentialAction":[{"@type":"SearchAction","target":{"@type":"EntryPoint","urlTemplate":"http:\/\/www.pumpa-servis.com\/hr\/?s={search_term_string}"},"query-input":{"@type":"PropertyValueSpecification","valueRequired":true,"valueName":"search_term_string"}}],"inLanguage":"hr"},{"@type":"Organization","@id":"http:\/\/www.pumpa-servis.com\/hr\/#organization","name":"PUMPA SERVIS","url":"http:\/\/www.pumpa-servis.com\/hr\/","logo":{"@type":"ImageObject","inLanguage":"hr","@id":"http:\/\/www.pumpa-servis.com\/hr\/#\/schema\/logo\/image\/","url":"http:\/\/www.pumpa-servis.com\/wp-content\/uploads\/2017\/01\/cropped-logo1-e1484501931279-1.png","contentUrl":"http:\/\/www.pumpa-servis.com\/wp-content\/uploads\/2017\/01\/cropped-logo1-e1484501931279-1.png","width":240,"height":32,"caption":"PUMPA SERVIS"},"image":{"@id":"http:\/\/www.pumpa-servis.com\/hr\/#\/schema\/logo\/image\/"}}]}},"jetpack_sharing_enabled":true,"jetpack_shortlink":"https:\/\/wp.me\/P7JNOV-9","_links":{"self":[{"href":"http:\/\/www.pumpa-servis.com\/hr\/wp-json\/wp\/v2\/pages\/9","targetHints":{"allow":["GET"]}}],"collection":[{"href":"http:\/\/www.pumpa-servis.com\/hr\/wp-json\/wp\/v2\/pages"}],"about":[{"href":"http:\/\/www.pumpa-servis.com\/hr\/wp-json\/wp\/v2\/types\/page"}],"author":[{"embeddable":true,"href":"http:\/\/www.pumpa-servis.com\/hr\/wp-json\/wp\/v2\/users\/1"}],"replies":[{"embeddable":true,"href":"http:\/\/www.pumpa-servis.com\/hr\/wp-json\/wp\/v2\/comments?post=9"}],"version-history":[{"count":48,"href":"http:\/\/www.pumpa-servis.com\/hr\/wp-json\/wp\/v2\/pages\/9\/revisions"}],"predecessor-version":[{"id":605,"href":"http:\/\/www.pumpa-servis.com\/hr\/wp-json\/wp\/v2\/pages\/9\/revisions\/605"}],"wp:attachment":[{"href":"http:\/\/www.pumpa-servis.com\/hr\/wp-json\/wp\/v2\/media?parent=9"}],"curies":[{"name":"wp","href":"https:\/\/api.w.org\/{rel}","templated":true}]}}