{"id":46,"date":"2016-06-27T12:58:52","date_gmt":"2016-06-27T12:58:52","guid":{"rendered":"http:\/\/www.pumpa-servis.com\/?page_id=46"},"modified":"2017-01-22T13:05:26","modified_gmt":"2017-01-22T13:05:26","slug":"common-rail-sustav","status":"publish","type":"page","link":"http:\/\/www.pumpa-servis.com\/hr\/common-rail-sustav\/","title":{"rendered":"COMMON-RAIL SUSTAV"},"content":{"rendered":"<p style=\"text-align: left;\" align=\"CENTER\"><strong><em>COMMON-RAIL SUSTAV UBRIZGAVANJA<\/em><\/strong><\/p>\n<p style=\"text-align: justify;\" align=\"JUSTIFY\"><span style=\"color: #993300;\"><em><span style=\"font-size: medium;\">Tehnologija diesel sustava neumoljivo grabi naprijed. Od pojave prvog common-rail (zajedni<\/span><span style=\"font-family: Calibri; font-size: medium;\"><span style=\"font-family: Calibri; font-size: medium;\">\u010dka cijev) sustava davne 1998. godine pa do danas, izmjenile su se tri generacije sustava. Od po\u010detnih sustava sa maksimalnim tlakom u rail cijevi od 1350 bara, pa do danas 1850 bara. U razvoju je sustav od 2200 bara. Tako\u0111er su se tehnolo\u0161ki mijenjali i injektori, pa smo tako od vi\u0161e vrsta elektromagnetnih injektora zavr\u0161ili na piezo injektorima.<\/span><\/span><\/em><\/span><\/p>\n<p style=\"text-align: justify;\" align=\"JUSTIFY\"><span style=\"color: #993300;\"><em><span style=\"font-size: medium;\">Sve to naravno utje<\/span><span style=\"font-family: Calibri; font-size: medium;\"><span style=\"font-family: Calibri; font-size: medium;\">\u010de na perfomanse dana\u0161njih vozila, ve\u0107a snaga, manja potro\u0161nja, manja emisija CO2, ali i na\u017ealost ve\u0107i tro\u0161kovi odr\u017eavanja.<\/span><\/span><\/em><\/span><\/p>\n<p style=\"text-align: justify;\"><img loading=\"lazy\" decoding=\"async\" data-attachment-id=\"63\" data-permalink=\"http:\/\/www.pumpa-servis.com\/hr\/common-rail-sustav\/slik-c-rail\/\" data-orig-file=\"http:\/\/www.pumpa-servis.com\/wp-content\/uploads\/2016\/06\/slik-c-.rail_.jpg\" data-orig-size=\"320,214\" data-comments-opened=\"1\" data-image-meta=\"{&quot;aperture&quot;:&quot;0&quot;,&quot;credit&quot;:&quot;&quot;,&quot;camera&quot;:&quot;&quot;,&quot;caption&quot;:&quot;&quot;,&quot;created_timestamp&quot;:&quot;0&quot;,&quot;copyright&quot;:&quot;&quot;,&quot;focal_length&quot;:&quot;0&quot;,&quot;iso&quot;:&quot;0&quot;,&quot;shutter_speed&quot;:&quot;0&quot;,&quot;title&quot;:&quot;&quot;,&quot;orientation&quot;:&quot;0&quot;}\" data-image-title=\"slik-c .rail\" data-image-description=\"\" data-image-caption=\"\" data-medium-file=\"http:\/\/www.pumpa-servis.com\/wp-content\/uploads\/2016\/06\/slik-c-.rail_-300x201.jpg\" data-large-file=\"http:\/\/www.pumpa-servis.com\/wp-content\/uploads\/2016\/06\/slik-c-.rail_.jpg\" class=\"alignnone size-medium wp-image-63\" src=\"http:\/\/www.pumpa-servis.com\/wp-content\/uploads\/2016\/06\/slik-c-.rail_-300x201.jpg\" alt=\"slik-c .rail\" width=\"300\" height=\"201\" srcset=\"http:\/\/www.pumpa-servis.com\/wp-content\/uploads\/2016\/06\/slik-c-.rail_-300x201.jpg 300w, http:\/\/www.pumpa-servis.com\/wp-content\/uploads\/2016\/06\/slik-c-.rail_.jpg 320w\" sizes=\"auto, (max-width: 300px) 100vw, 300px\" \/><\/p>\n<p style=\"text-align: justify;\"><span style=\"color: #993300;\"><em>1.&nbsp;Pumpa niskog tlaka<\/em><\/span><br \/>\n<span style=\"color: #993300;\"><em>2.&nbsp;Filter goriva<\/em><\/span><br \/>\n<span style=\"color: #993300;\"><em>3.&nbsp;Nadstrujni ventil<\/em><\/span><br \/>\n<span style=\"color: #993300;\"><em>4.&nbsp;Zbornica povrata<\/em><\/span><br \/>\n<span style=\"color: #993300;\"><em>5.&nbsp;Visokotlla\u010dna pumpa<\/em><\/span><br \/>\n<span style=\"color: #993300;\"><em>6.&nbsp;Regulator tlaka DRV<\/em><\/span><br \/>\n<span style=\"color: #993300;\"><em>7.&nbsp;Senzor tlaka<\/em><\/span><br \/>\n<span style=\"color: #993300;\"><em>8.&nbsp;Rail cijev<\/em><\/span><br \/>\n<span style=\"color: #993300;\"><em>9.&nbsp;Injektori<\/em><\/span><br \/>\n<span style=\"color: #993300;\"><em>10.&nbsp;ECU<\/em><\/span><br \/>\n<span style=\"color: #993300;\"><em>11.&nbsp;Senzor temperature goriva<\/em><\/span><\/p>\n<p style=\"text-align: justify;\"><span style=\"color: #993300;\"><em><span style=\"font-size: medium;\">Na<\/span><span style=\"font-family: Calibri; font-size: medium;\">\u0161 servis prati trendove i tehnologiju u odr\u017eavanju i popravku kompletnog sustava CR ubrizgavanja. Dugogodi\u0161nje iskustvo nas je u\u010dvrstilo u poziciji kvalitetne usluge popravka CR injektora i visotla\u010dnih pumpi svih renomiranih proizvo\u0111a\u010da, BOSCH, DELPHI,SIEMENS I DENSO.<\/span><\/em><\/span><\/p>\n<p style=\"text-align: justify;\"><img loading=\"lazy\" decoding=\"async\" data-attachment-id=\"62\" data-permalink=\"http:\/\/www.pumpa-servis.com\/hr\/common-rail-sustav\/c-rail\/\" data-orig-file=\"http:\/\/www.pumpa-servis.com\/wp-content\/uploads\/2016\/06\/c.rail_.jpg\" data-orig-size=\"364,189\" data-comments-opened=\"1\" data-image-meta=\"{&quot;aperture&quot;:&quot;0&quot;,&quot;credit&quot;:&quot;&quot;,&quot;camera&quot;:&quot;&quot;,&quot;caption&quot;:&quot;&quot;,&quot;created_timestamp&quot;:&quot;0&quot;,&quot;copyright&quot;:&quot;&quot;,&quot;focal_length&quot;:&quot;0&quot;,&quot;iso&quot;:&quot;0&quot;,&quot;shutter_speed&quot;:&quot;0&quot;,&quot;title&quot;:&quot;&quot;,&quot;orientation&quot;:&quot;0&quot;}\" data-image-title=\"c.rail\" data-image-description=\"\" data-image-caption=\"\" data-medium-file=\"http:\/\/www.pumpa-servis.com\/wp-content\/uploads\/2016\/06\/c.rail_-300x156.jpg\" data-large-file=\"http:\/\/www.pumpa-servis.com\/wp-content\/uploads\/2016\/06\/c.rail_.jpg\" class=\"alignnone size-medium wp-image-62\" src=\"http:\/\/www.pumpa-servis.com\/wp-content\/uploads\/2016\/06\/c.rail_-300x156.jpg\" alt=\"c.rail\" width=\"300\" height=\"156\" srcset=\"http:\/\/www.pumpa-servis.com\/wp-content\/uploads\/2016\/06\/c.rail_-300x156.jpg 300w, http:\/\/www.pumpa-servis.com\/wp-content\/uploads\/2016\/06\/c.rail_.jpg 364w\" sizes=\"auto, (max-width: 300px) 100vw, 300px\" \/><\/p>\n<p style=\"text-align: justify;\"><span style=\"color: #993300;\"><em><strong><span style=\"font-size: medium;\">Ugra<\/span><\/strong><span style=\"font-family: Calibri; font-size: medium;\"><strong>\u0111ujemo isklju\u010divo originalne dijelove i za na\u0161u uslugu dajemo 12 mjese\u010dno jamstvo<\/strong>. Obratite nam se sa povjerenjem kao partneru u odr\u017eavanju va\u0161eg vozila, a mi vam garantiramo kvalitetu i zadovoljstvo.<\/span><\/em><\/span><\/p>\n","protected":false},"excerpt":{"rendered":"<p style=\"text-align: left;\" align=\"CENTER\"><strong><em>COMMON-RAIL SUSTAV UBRIZGAVANJA<\/em><\/strong><\/p>\n<p style=\"text-align: justify;\" align=\"JUSTIFY\"><span style=\"color: #993300;\"><em><span style=\"font-size: medium;\">Tehnologija diesel sustava n&#8230;<\/p>\n","protected":false},"author":1,"featured_media":0,"parent":0,"menu_order":2,"comment_status":"closed","ping_status":"closed","template":"","meta":{"ngg_post_thumbnail":0,"jetpack_post_was_ever_published":false,"footnotes":""},"class_list":["post-46","page","type-page","status-publish","hentry"],"yoast_head":"<!-- This site is optimized with the Yoast SEO plugin v24.2 - https:\/\/yoast.com\/wordpress\/plugins\/seo\/ -->\n<title>COMMON-RAIL SUSTAV - PUMPA SERVIS<\/title>\n<meta name=\"robots\" content=\"index, follow, max-snippet:-1, max-image-preview:large, max-video-preview:-1\" \/>\n<link rel=\"canonical\" href=\"https:\/\/www.pumpa-servis.com\/common-rail-sustav\/\" \/>\n<meta property=\"og:locale\" content=\"hr_HR\" \/>\n<meta property=\"og:type\" content=\"article\" \/>\n<meta property=\"og:title\" content=\"COMMON-RAIL SUSTAV - PUMPA SERVIS\" \/>\n<meta property=\"og:description\" content=\"COMMON-RAIL SUSTAV UBRIZGAVANJA Tehnologija diesel sustava n...\" \/>\n<meta property=\"og:url\" content=\"https:\/\/www.pumpa-servis.com\/common-rail-sustav\/\" \/>\n<meta property=\"og:site_name\" content=\"PUMPA SERVIS\" \/>\n<meta property=\"article:modified_time\" content=\"2017-01-22T13:05:26+00:00\" \/>\n<meta property=\"og:image\" content=\"http:\/\/www.pumpa-servis.com\/wp-content\/uploads\/2016\/06\/slik-c-.rail_-300x201.jpg\" \/>\n<meta name=\"twitter:card\" content=\"summary_large_image\" \/>\n<meta name=\"twitter:label1\" content=\"Procijenjeno vrijeme \u010ditanja\" \/>\n\t<meta name=\"twitter:data1\" content=\"1 minuta\" \/>\n<script type=\"application\/ld+json\" class=\"yoast-schema-graph\">{\"@context\":\"https:\/\/schema.org\",\"@graph\":[{\"@type\":\"WebPage\",\"@id\":\"https:\/\/www.pumpa-servis.com\/common-rail-sustav\/\",\"url\":\"https:\/\/www.pumpa-servis.com\/common-rail-sustav\/\",\"name\":\"COMMON-RAIL SUSTAV - PUMPA SERVIS\",\"isPartOf\":{\"@id\":\"https:\/\/www.pumpa-servis.com\/#website\"},\"primaryImageOfPage\":{\"@id\":\"https:\/\/www.pumpa-servis.com\/common-rail-sustav\/#primaryimage\"},\"image\":{\"@id\":\"https:\/\/www.pumpa-servis.com\/common-rail-sustav\/#primaryimage\"},\"thumbnailUrl\":\"http:\/\/www.pumpa-servis.com\/wp-content\/uploads\/2016\/06\/slik-c-.rail_-300x201.jpg\",\"datePublished\":\"2016-06-27T12:58:52+00:00\",\"dateModified\":\"2017-01-22T13:05:26+00:00\",\"breadcrumb\":{\"@id\":\"https:\/\/www.pumpa-servis.com\/common-rail-sustav\/#breadcrumb\"},\"inLanguage\":\"hr\",\"potentialAction\":[{\"@type\":\"ReadAction\",\"target\":[\"https:\/\/www.pumpa-servis.com\/common-rail-sustav\/\"]}]},{\"@type\":\"ImageObject\",\"inLanguage\":\"hr\",\"@id\":\"https:\/\/www.pumpa-servis.com\/common-rail-sustav\/#primaryimage\",\"url\":\"http:\/\/www.pumpa-servis.com\/wp-content\/uploads\/2016\/06\/slik-c-.rail_-300x201.jpg\",\"contentUrl\":\"http:\/\/www.pumpa-servis.com\/wp-content\/uploads\/2016\/06\/slik-c-.rail_-300x201.jpg\"},{\"@type\":\"BreadcrumbList\",\"@id\":\"https:\/\/www.pumpa-servis.com\/common-rail-sustav\/#breadcrumb\",\"itemListElement\":[{\"@type\":\"ListItem\",\"position\":1,\"name\":\"Po\u010detna stranica\",\"item\":\"http:\/\/www.pumpa-servis.com\/hr\/\"},{\"@type\":\"ListItem\",\"position\":2,\"name\":\"COMMON-RAIL SUSTAV\"}]},{\"@type\":\"WebSite\",\"@id\":\"https:\/\/www.pumpa-servis.com\/#website\",\"url\":\"https:\/\/www.pumpa-servis.com\/\",\"name\":\"PUMPA SERVIS\",\"description\":\"SERVIS BOSCH PUMPI,TURBINA\",\"publisher\":{\"@id\":\"https:\/\/www.pumpa-servis.com\/#organization\"},\"potentialAction\":[{\"@type\":\"SearchAction\",\"target\":{\"@type\":\"EntryPoint\",\"urlTemplate\":\"https:\/\/www.pumpa-servis.com\/?s={search_term_string}\"},\"query-input\":{\"@type\":\"PropertyValueSpecification\",\"valueRequired\":true,\"valueName\":\"search_term_string\"}}],\"inLanguage\":\"hr\"},{\"@type\":\"Organization\",\"@id\":\"https:\/\/www.pumpa-servis.com\/#organization\",\"name\":\"PUMPA SERVIS\",\"url\":\"https:\/\/www.pumpa-servis.com\/\",\"logo\":{\"@type\":\"ImageObject\",\"inLanguage\":\"hr\",\"@id\":\"https:\/\/www.pumpa-servis.com\/#\/schema\/logo\/image\/\",\"url\":\"http:\/\/www.pumpa-servis.com\/wp-content\/uploads\/2017\/01\/cropped-logo1-e1484501931279-1.png\",\"contentUrl\":\"http:\/\/www.pumpa-servis.com\/wp-content\/uploads\/2017\/01\/cropped-logo1-e1484501931279-1.png\",\"width\":240,\"height\":32,\"caption\":\"PUMPA SERVIS\"},\"image\":{\"@id\":\"https:\/\/www.pumpa-servis.com\/#\/schema\/logo\/image\/\"}}]}<\/script>\n<!-- \/ Yoast SEO plugin. -->","yoast_head_json":{"title":"COMMON-RAIL SUSTAV - PUMPA SERVIS","robots":{"index":"index","follow":"follow","max-snippet":"max-snippet:-1","max-image-preview":"max-image-preview:large","max-video-preview":"max-video-preview:-1"},"canonical":"https:\/\/www.pumpa-servis.com\/common-rail-sustav\/","og_locale":"hr_HR","og_type":"article","og_title":"COMMON-RAIL SUSTAV - PUMPA SERVIS","og_description":"COMMON-RAIL SUSTAV UBRIZGAVANJA Tehnologija diesel sustava n...","og_url":"https:\/\/www.pumpa-servis.com\/common-rail-sustav\/","og_site_name":"PUMPA SERVIS","article_modified_time":"2017-01-22T13:05:26+00:00","og_image":[{"url":"http:\/\/www.pumpa-servis.com\/wp-content\/uploads\/2016\/06\/slik-c-.rail_-300x201.jpg","type":"","width":"","height":""}],"twitter_card":"summary_large_image","twitter_misc":{"Procijenjeno vrijeme \u010ditanja":"1 minuta"},"schema":{"@context":"https:\/\/schema.org","@graph":[{"@type":"WebPage","@id":"https:\/\/www.pumpa-servis.com\/common-rail-sustav\/","url":"https:\/\/www.pumpa-servis.com\/common-rail-sustav\/","name":"COMMON-RAIL SUSTAV - PUMPA SERVIS","isPartOf":{"@id":"https:\/\/www.pumpa-servis.com\/#website"},"primaryImageOfPage":{"@id":"https:\/\/www.pumpa-servis.com\/common-rail-sustav\/#primaryimage"},"image":{"@id":"https:\/\/www.pumpa-servis.com\/common-rail-sustav\/#primaryimage"},"thumbnailUrl":"http:\/\/www.pumpa-servis.com\/wp-content\/uploads\/2016\/06\/slik-c-.rail_-300x201.jpg","datePublished":"2016-06-27T12:58:52+00:00","dateModified":"2017-01-22T13:05:26+00:00","breadcrumb":{"@id":"https:\/\/www.pumpa-servis.com\/common-rail-sustav\/#breadcrumb"},"inLanguage":"hr","potentialAction":[{"@type":"ReadAction","target":["https:\/\/www.pumpa-servis.com\/common-rail-sustav\/"]}]},{"@type":"ImageObject","inLanguage":"hr","@id":"https:\/\/www.pumpa-servis.com\/common-rail-sustav\/#primaryimage","url":"http:\/\/www.pumpa-servis.com\/wp-content\/uploads\/2016\/06\/slik-c-.rail_-300x201.jpg","contentUrl":"http:\/\/www.pumpa-servis.com\/wp-content\/uploads\/2016\/06\/slik-c-.rail_-300x201.jpg"},{"@type":"BreadcrumbList","@id":"https:\/\/www.pumpa-servis.com\/common-rail-sustav\/#breadcrumb","itemListElement":[{"@type":"ListItem","position":1,"name":"Po\u010detna stranica","item":"http:\/\/www.pumpa-servis.com\/hr\/"},{"@type":"ListItem","position":2,"name":"COMMON-RAIL SUSTAV"}]},{"@type":"WebSite","@id":"https:\/\/www.pumpa-servis.com\/#website","url":"https:\/\/www.pumpa-servis.com\/","name":"PUMPA SERVIS","description":"SERVIS BOSCH PUMPI,TURBINA","publisher":{"@id":"https:\/\/www.pumpa-servis.com\/#organization"},"potentialAction":[{"@type":"SearchAction","target":{"@type":"EntryPoint","urlTemplate":"https:\/\/www.pumpa-servis.com\/?s={search_term_string}"},"query-input":{"@type":"PropertyValueSpecification","valueRequired":true,"valueName":"search_term_string"}}],"inLanguage":"hr"},{"@type":"Organization","@id":"https:\/\/www.pumpa-servis.com\/#organization","name":"PUMPA SERVIS","url":"https:\/\/www.pumpa-servis.com\/","logo":{"@type":"ImageObject","inLanguage":"hr","@id":"https:\/\/www.pumpa-servis.com\/#\/schema\/logo\/image\/","url":"http:\/\/www.pumpa-servis.com\/wp-content\/uploads\/2017\/01\/cropped-logo1-e1484501931279-1.png","contentUrl":"http:\/\/www.pumpa-servis.com\/wp-content\/uploads\/2017\/01\/cropped-logo1-e1484501931279-1.png","width":240,"height":32,"caption":"PUMPA SERVIS"},"image":{"@id":"https:\/\/www.pumpa-servis.com\/#\/schema\/logo\/image\/"}}]}},"jetpack_sharing_enabled":true,"jetpack_shortlink":"https:\/\/wp.me\/P7JNOV-K","_links":{"self":[{"href":"http:\/\/www.pumpa-servis.com\/hr\/wp-json\/wp\/v2\/pages\/46","targetHints":{"allow":["GET"]}}],"collection":[{"href":"http:\/\/www.pumpa-servis.com\/hr\/wp-json\/wp\/v2\/pages"}],"about":[{"href":"http:\/\/www.pumpa-servis.com\/hr\/wp-json\/wp\/v2\/types\/page"}],"author":[{"embeddable":true,"href":"http:\/\/www.pumpa-servis.com\/hr\/wp-json\/wp\/v2\/users\/1"}],"replies":[{"embeddable":true,"href":"http:\/\/www.pumpa-servis.com\/hr\/wp-json\/wp\/v2\/comments?post=46"}],"version-history":[{"count":30,"href":"http:\/\/www.pumpa-servis.com\/hr\/wp-json\/wp\/v2\/pages\/46\/revisions"}],"predecessor-version":[{"id":436,"href":"http:\/\/www.pumpa-servis.com\/hr\/wp-json\/wp\/v2\/pages\/46\/revisions\/436"}],"wp:attachment":[{"href":"http:\/\/www.pumpa-servis.com\/hr\/wp-json\/wp\/v2\/media?parent=46"}],"curies":[{"name":"wp","href":"https:\/\/api.w.org\/{rel}","templated":true}]}}