{"id":39,"date":"2016-06-26T16:31:37","date_gmt":"2016-06-26T16:31:37","guid":{"rendered":"http:\/\/www.pumpa-servis.com\/?page_id=39"},"modified":"2017-01-22T12:49:35","modified_gmt":"2017-01-22T12:49:35","slug":"turbopunjaci","status":"publish","type":"page","link":"http:\/\/www.pumpa-servis.com\/hr\/turbopunjaci\/","title":{"rendered":"TURBOPUNJA\u010cI"},"content":{"rendered":"<p style=\"text-align: justify;\"><em><strong>TURBOPUNJA\u010cI<\/strong><\/em><br \/> <span style=\"color: rgb(153, 51, 0);\"><em> Turbopunja\u010di ili kako se kod nas jo\u0161 ka\u017ee, turbokompresori, turbine, polako ali sigurno u zadnja dva desetlje\u0107a, potpuno su zavladali auto industrijom. U segmentu diesel pogonskih agregata gotovo da i nema agregata bez turbopunja\u010da. Bolje perfomanse vozila uz manju potro\u0161nju glavna su ideja vodilja in\u017eenjera, a bez turbopunja\u010da to je nemogu\u0107e.<\/em><\/span><\/p>\n<p style=\"text-align: justify;\"><img loading=\"lazy\" decoding=\"async\" data-attachment-id=\"56\" data-permalink=\"http:\/\/www.pumpa-servis.com\/hr\/turbopunjaci\/slika-turbopunjaca\/\" data-orig-file=\"http:\/\/www.pumpa-servis.com\/wp-content\/uploads\/2016\/06\/slika-turbopunjaca.jpg\" data-orig-size=\"283,242\" data-comments-opened=\"1\" data-image-meta=\"{&quot;aperture&quot;:&quot;0&quot;,&quot;credit&quot;:&quot;&quot;,&quot;camera&quot;:&quot;&quot;,&quot;caption&quot;:&quot;&quot;,&quot;created_timestamp&quot;:&quot;0&quot;,&quot;copyright&quot;:&quot;&quot;,&quot;focal_length&quot;:&quot;0&quot;,&quot;iso&quot;:&quot;0&quot;,&quot;shutter_speed&quot;:&quot;0&quot;,&quot;title&quot;:&quot;&quot;,&quot;orientation&quot;:&quot;0&quot;}\" data-image-title=\"slika turbopunjaca\" data-image-description=\"\" data-image-caption=\"\" data-medium-file=\"http:\/\/www.pumpa-servis.com\/wp-content\/uploads\/2016\/06\/slika-turbopunjaca.jpg\" data-large-file=\"http:\/\/www.pumpa-servis.com\/wp-content\/uploads\/2016\/06\/slika-turbopunjaca.jpg\" width=\"283\" height=\"242\" class=\"alignnone size-full wp-image-56\" alt=\"slika turbopunjaca\" src=\"http:\/\/www.pumpa-servis.com\/wp-content\/uploads\/2016\/06\/slika-turbopunjaca.jpg\"\/><\/p>\n<p style=\"text-align: justify;\"><span style=\"color: rgb(153, 51, 0);\"><em>Dakle, od davne 1905 godine kad je \u0161vicarski in\u017einjer Alfred Buchi izumio turbopuhalo, te od po\u010detaka primjene na lokomotivama i brodovima, preko aviona, kamiona, do\u0161li smo do dana\u0161njih \u201eku\u0107nih\u201c ljubimaca pogonjenih snagom prednabijanja turbopunja\u010da.<\/em><\/span><br \/> <span style=\"color: rgb(153, 51, 0);\"> <em> Svaki turbopunja\u010d toplinsku energiju ispu\u0161nih plinova motora (6)<\/em><\/span><br \/> <span style=\"color: rgb(153, 51, 0);\"> <em> usmjerenu kroz turbinsko ku\u010di\u0161te (7) pretvara u kineti\u010dku<\/em><\/span><br \/> <span style=\"color: rgb(153, 51, 0);\"> <em> energiju rotora turbopunja\u010da. Turbinska osovina je<\/em><\/span><br \/> <span style=\"color: rgb(153, 51, 0);\"> <em> povezana sa kompresorskim kolom koje se vrti istom<\/em><\/span><br \/> <span style=\"color: rgb(153, 51, 0);\"> <em> brzinom unutar ku\u010di\u0161ta kompresora (1), nakon kojeg<\/em><\/span><br \/> <span style=\"color: rgb(153, 51, 0);\"> <em> nastaje tlak nabijanja (2). Da bi se postigao bolji efekt<\/em><\/span><br \/> <span style=\"color: rgb(153, 51, 0);\"> <em> prednabijanja tlaka, komprimirani zrak prolazi kroz hladnjak zraka (3),<\/em><\/span><br \/> <span style=\"color: rgb(153, 51, 0);\"> <em> tzv. Intercoller.<\/em><\/span><\/p>\n<p style=\"text-align: justify;\"><em><strong>PROBLEMI NA TURBOPUNJA\u010cU<\/strong><\/em><br \/> <em>&nbsp;<span style=\"color: rgb(153, 51, 0);\">Ako postoje simptomi smanjene snage vozila, crnog dima, plavog dima, raznih piskutavih zvukova, pove\u0107ane potro\u0161nje ulja najvjerojatnije imate problem na turbopunja\u010du. Problemi koji nastaju na turbopunja\u010du uzrokovani mogu biti na razne na\u010dine. Lo\u0161e podmazivanje, ulasci stranih tijela u rotor, manjak ulja u motoru, zamor dijelova turbopunja\u010da, za\u010depljanja usisa i ispuha motora, lo\u0161e stanje motora&#8230;<\/span><\/em><br \/> <span style=\"color: rgb(153, 51, 0);\"> <em> Popravak turbopunja\u010da u na\u0161oj radionici se radi po svim mjerilima i zahtjevima proizvo\u0111a\u010da turbopunja\u010da. Najjeftiniji popravci u pravilu vam ne garantiraju dugotrajnost va\u0161eg turbopunja\u010da, pogotovo stoga \u0161to se na tr\u017ei\u0161tu pojavilo puno dobavlja\u010da rezevnih dijelova sumnjive kvalitete.<\/em><\/span><br \/> <span style=\"color: rgb(153, 51, 0);\"> <em><strong> Popravak turbopunja\u010da<\/strong> u na\u0161oj radionici se odvija na sljede\u0107i na\u010din. Po primitku turbopunja\u010da se rastavi u potpunosti, te se izvr\u0161i dijagnoza kvara. To je u pravilu najva\u017eniji korak, jer ukoliko je kvar uzrokovan zbog nepravilnosti na motoru, a taj se problem ne rije\u0161i, stradati \u0107e i drugi turbopunja\u010d. Zatim se izvr\u0161e sva mjerenja potro\u0161enosti pozicija, napravi se prora\u010dun i kontaktira stranka. Ukoliko se stranka odlu\u010di za popravak, nastavak popravka turbopunja\u010da obuhva\u0107a pripremu svake pozicije od \u010di\u0161\u0107enja do pjeskarenja. Turbojezgra se sastavlja i postavlja na VSR stoj za balansiranje. Stroj je mogu\u0107nosti izvr\u0161iti balansiranje do 222 000 okretaja u minuti. To garantira kvalitetu i dugotrajnost turbopunja\u010da. Poslije toga se jezgra postavlja u ku\u010di\u0161te, pode\u0161avaju se Wastegate ventili ili VNT geometrija. Kontrola se radi sa strojem za mjerenje proto\u010dnosti zraka. Turbopunja\u010d se isporu\u010duje sa jamstvenim listom i uputama za monta\u017eu.<\/em><\/span><br \/> <span style=\"color: rgb(153, 51, 0);\"><em> <strong>Obratite nam se s povjerenjem, jer iza nas je do sad tisu\u0107e zadovoljnih klijenata i iskustvo u ovom poslu od 1999. godine. Jamstvo na popravak va\u0161eg turbopunja\u010da je 12. mjeseci.<\/strong><\/em><\/span><\/p>\n<p style=\"text-align: justify;\"><img loading=\"lazy\" decoding=\"async\" data-attachment-id=\"60\" data-permalink=\"http:\/\/www.pumpa-servis.com\/hr\/turbopunjaci\/turb-punjac\/\" data-orig-file=\"http:\/\/www.pumpa-servis.com\/wp-content\/uploads\/2016\/06\/turb-punjac.jpg\" data-orig-size=\"270,254\" data-comments-opened=\"1\" data-image-meta=\"{&quot;aperture&quot;:&quot;0&quot;,&quot;credit&quot;:&quot;&quot;,&quot;camera&quot;:&quot;&quot;,&quot;caption&quot;:&quot;&quot;,&quot;created_timestamp&quot;:&quot;0&quot;,&quot;copyright&quot;:&quot;&quot;,&quot;focal_length&quot;:&quot;0&quot;,&quot;iso&quot;:&quot;0&quot;,&quot;shutter_speed&quot;:&quot;0&quot;,&quot;title&quot;:&quot;&quot;,&quot;orientation&quot;:&quot;0&quot;}\" data-image-title=\"turb punjac\" data-image-description=\"\" data-image-caption=\"\" data-medium-file=\"http:\/\/www.pumpa-servis.com\/wp-content\/uploads\/2016\/06\/turb-punjac.jpg\" data-large-file=\"http:\/\/www.pumpa-servis.com\/wp-content\/uploads\/2016\/06\/turb-punjac.jpg\" width=\"270\" height=\"254\" class=\"alignnone size-full wp-image-60\" alt=\"turb punjac\" src=\"http:\/\/www.pumpa-servis.com\/wp-content\/uploads\/2016\/06\/turb-punjac.jpg\"\/><img loading=\"lazy\" decoding=\"async\" data-attachment-id=\"59\" data-permalink=\"http:\/\/www.pumpa-servis.com\/hr\/turbopunjaci\/t-punjac\/\" data-orig-file=\"http:\/\/www.pumpa-servis.com\/wp-content\/uploads\/2016\/06\/t.punjac.jpg\" data-orig-size=\"388,189\" data-comments-opened=\"1\" data-image-meta=\"{&quot;aperture&quot;:&quot;0&quot;,&quot;credit&quot;:&quot;&quot;,&quot;camera&quot;:&quot;&quot;,&quot;caption&quot;:&quot;&quot;,&quot;created_timestamp&quot;:&quot;0&quot;,&quot;copyright&quot;:&quot;&quot;,&quot;focal_length&quot;:&quot;0&quot;,&quot;iso&quot;:&quot;0&quot;,&quot;shutter_speed&quot;:&quot;0&quot;,&quot;title&quot;:&quot;&quot;,&quot;orientation&quot;:&quot;0&quot;}\" data-image-title=\"t.punjac\" data-image-description=\"\" data-image-caption=\"\" data-medium-file=\"http:\/\/www.pumpa-servis.com\/wp-content\/uploads\/2016\/06\/t.punjac-300x146.jpg\" data-large-file=\"http:\/\/www.pumpa-servis.com\/wp-content\/uploads\/2016\/06\/t.punjac.jpg\" width=\"300\" height=\"146\" class=\"size-medium wp-image-59 alignnone\" alt=\"t.punjac\" src=\"http:\/\/www.pumpa-servis.com\/wp-content\/uploads\/2016\/06\/t.punjac-300x146.jpg\" srcset=\"http:\/\/www.pumpa-servis.com\/wp-content\/uploads\/2016\/06\/t.punjac-300x146.jpg 300w, http:\/\/www.pumpa-servis.com\/wp-content\/uploads\/2016\/06\/t.punjac.jpg 388w\" sizes=\"auto, (max-width: 300px) 100vw, 300px\" \/><\/p>\n<p style=\"text-align: justify;\">&nbsp;<\/p>\n","protected":false},"excerpt":{"rendered":"<p style=\"text-align: justify;\"><em><strong>TURBOPUNJA\u010cI<\/strong><\/em><br \/> <span style=\"color: rgb(153, 51, 0);\"><em> Turbopunja\u010di ili kako se kod nas jo\u0161 ka\u017ee, turbokompresori, turbine, polako ali sigurno u zadnja dva desetlje\u0107a, potpuno su zavladal&#8230;<\/p>\n","protected":false},"author":1,"featured_media":0,"parent":0,"menu_order":1,"comment_status":"closed","ping_status":"closed","template":"","meta":{"ngg_post_thumbnail":0,"jetpack_post_was_ever_published":false,"footnotes":""},"class_list":["post-39","page","type-page","status-publish","hentry"],"yoast_head":"<!-- This site is optimized with the Yoast SEO plugin v24.2 - https:\/\/yoast.com\/wordpress\/plugins\/seo\/ -->\n<title>TURBOPUNJA\u010cI - PUMPA SERVIS<\/title>\n<meta name=\"robots\" content=\"index, follow, max-snippet:-1, max-image-preview:large, max-video-preview:-1\" \/>\n<link rel=\"canonical\" href=\"http:\/\/www.pumpa-servis.com\/en_US\/turbopunjaci\/\" \/>\n<meta property=\"og:locale\" content=\"hr_HR\" \/>\n<meta property=\"og:type\" content=\"article\" \/>\n<meta property=\"og:title\" content=\"TURBOPUNJA\u010cI - PUMPA SERVIS\" \/>\n<meta property=\"og:description\" content=\"TURBOPUNJA\u010cI Turbopunja\u010di ili kako se kod nas jo\u0161 ka\u017ee, turbokompresori, turbine, polako ali sigurno u zadnja dva desetlje\u0107a, potpuno su zavladal...\" \/>\n<meta property=\"og:url\" content=\"http:\/\/www.pumpa-servis.com\/en_US\/turbopunjaci\/\" \/>\n<meta property=\"og:site_name\" content=\"PUMPA SERVIS\" \/>\n<meta property=\"article:modified_time\" content=\"2017-01-22T12:49:35+00:00\" \/>\n<meta property=\"og:image\" content=\"http:\/\/www.pumpa-servis.com\/wp-content\/uploads\/2016\/06\/slika-turbopunjaca.jpg\" \/>\n<meta name=\"twitter:card\" content=\"summary_large_image\" \/>\n<meta name=\"twitter:label1\" content=\"Procijenjeno vrijeme \u010ditanja\" \/>\n\t<meta name=\"twitter:data1\" content=\"2 minute\" \/>\n<script type=\"application\/ld+json\" class=\"yoast-schema-graph\">{\"@context\":\"https:\/\/schema.org\",\"@graph\":[{\"@type\":\"WebPage\",\"@id\":\"http:\/\/www.pumpa-servis.com\/en_US\/turbopunjaci\/\",\"url\":\"http:\/\/www.pumpa-servis.com\/en_US\/turbopunjaci\/\",\"name\":\"TURBOPUNJA\u010cI - PUMPA SERVIS\",\"isPartOf\":{\"@id\":\"https:\/\/www.pumpa-servis.com\/#website\"},\"primaryImageOfPage\":{\"@id\":\"http:\/\/www.pumpa-servis.com\/en_US\/turbopunjaci\/#primaryimage\"},\"image\":{\"@id\":\"http:\/\/www.pumpa-servis.com\/en_US\/turbopunjaci\/#primaryimage\"},\"thumbnailUrl\":\"http:\/\/www.pumpa-servis.com\/wp-content\/uploads\/2016\/06\/slika-turbopunjaca.jpg\",\"datePublished\":\"2016-06-26T16:31:37+00:00\",\"dateModified\":\"2017-01-22T12:49:35+00:00\",\"breadcrumb\":{\"@id\":\"http:\/\/www.pumpa-servis.com\/en_US\/turbopunjaci\/#breadcrumb\"},\"inLanguage\":\"hr\",\"potentialAction\":[{\"@type\":\"ReadAction\",\"target\":[\"http:\/\/www.pumpa-servis.com\/en_US\/turbopunjaci\/\"]}]},{\"@type\":\"ImageObject\",\"inLanguage\":\"hr\",\"@id\":\"http:\/\/www.pumpa-servis.com\/en_US\/turbopunjaci\/#primaryimage\",\"url\":\"http:\/\/www.pumpa-servis.com\/wp-content\/uploads\/2016\/06\/slika-turbopunjaca.jpg\",\"contentUrl\":\"http:\/\/www.pumpa-servis.com\/wp-content\/uploads\/2016\/06\/slika-turbopunjaca.jpg\"},{\"@type\":\"BreadcrumbList\",\"@id\":\"http:\/\/www.pumpa-servis.com\/en_US\/turbopunjaci\/#breadcrumb\",\"itemListElement\":[{\"@type\":\"ListItem\",\"position\":1,\"name\":\"Po\u010detna stranica\",\"item\":\"http:\/\/www.pumpa-servis.com\/hr\/\"},{\"@type\":\"ListItem\",\"position\":2,\"name\":\"TURBOCHARGERS\"}]},{\"@type\":\"WebSite\",\"@id\":\"https:\/\/www.pumpa-servis.com\/#website\",\"url\":\"https:\/\/www.pumpa-servis.com\/\",\"name\":\"PUMPA SERVIS\",\"description\":\"SERVIS BOSCH PUMPI,TURBINA\",\"publisher\":{\"@id\":\"https:\/\/www.pumpa-servis.com\/#organization\"},\"potentialAction\":[{\"@type\":\"SearchAction\",\"target\":{\"@type\":\"EntryPoint\",\"urlTemplate\":\"https:\/\/www.pumpa-servis.com\/?s={search_term_string}\"},\"query-input\":{\"@type\":\"PropertyValueSpecification\",\"valueRequired\":true,\"valueName\":\"search_term_string\"}}],\"inLanguage\":\"hr\"},{\"@type\":\"Organization\",\"@id\":\"https:\/\/www.pumpa-servis.com\/#organization\",\"name\":\"PUMPA SERVIS\",\"url\":\"https:\/\/www.pumpa-servis.com\/\",\"logo\":{\"@type\":\"ImageObject\",\"inLanguage\":\"hr\",\"@id\":\"https:\/\/www.pumpa-servis.com\/#\/schema\/logo\/image\/\",\"url\":\"http:\/\/www.pumpa-servis.com\/wp-content\/uploads\/2017\/01\/cropped-logo1-e1484501931279-1.png\",\"contentUrl\":\"http:\/\/www.pumpa-servis.com\/wp-content\/uploads\/2017\/01\/cropped-logo1-e1484501931279-1.png\",\"width\":240,\"height\":32,\"caption\":\"PUMPA SERVIS\"},\"image\":{\"@id\":\"https:\/\/www.pumpa-servis.com\/#\/schema\/logo\/image\/\"}}]}<\/script>\n<!-- \/ Yoast SEO plugin. -->","yoast_head_json":{"title":"TURBOPUNJA\u010cI - PUMPA SERVIS","robots":{"index":"index","follow":"follow","max-snippet":"max-snippet:-1","max-image-preview":"max-image-preview:large","max-video-preview":"max-video-preview:-1"},"canonical":"http:\/\/www.pumpa-servis.com\/en_US\/turbopunjaci\/","og_locale":"hr_HR","og_type":"article","og_title":"TURBOPUNJA\u010cI - PUMPA SERVIS","og_description":"TURBOPUNJA\u010cI Turbopunja\u010di ili kako se kod nas jo\u0161 ka\u017ee, turbokompresori, turbine, polako ali sigurno u zadnja dva desetlje\u0107a, potpuno su zavladal...","og_url":"http:\/\/www.pumpa-servis.com\/en_US\/turbopunjaci\/","og_site_name":"PUMPA SERVIS","article_modified_time":"2017-01-22T12:49:35+00:00","og_image":[{"url":"http:\/\/www.pumpa-servis.com\/wp-content\/uploads\/2016\/06\/slika-turbopunjaca.jpg","type":"","width":"","height":""}],"twitter_card":"summary_large_image","twitter_misc":{"Procijenjeno vrijeme \u010ditanja":"2 minute"},"schema":{"@context":"https:\/\/schema.org","@graph":[{"@type":"WebPage","@id":"http:\/\/www.pumpa-servis.com\/en_US\/turbopunjaci\/","url":"http:\/\/www.pumpa-servis.com\/en_US\/turbopunjaci\/","name":"TURBOPUNJA\u010cI - PUMPA SERVIS","isPartOf":{"@id":"https:\/\/www.pumpa-servis.com\/#website"},"primaryImageOfPage":{"@id":"http:\/\/www.pumpa-servis.com\/en_US\/turbopunjaci\/#primaryimage"},"image":{"@id":"http:\/\/www.pumpa-servis.com\/en_US\/turbopunjaci\/#primaryimage"},"thumbnailUrl":"http:\/\/www.pumpa-servis.com\/wp-content\/uploads\/2016\/06\/slika-turbopunjaca.jpg","datePublished":"2016-06-26T16:31:37+00:00","dateModified":"2017-01-22T12:49:35+00:00","breadcrumb":{"@id":"http:\/\/www.pumpa-servis.com\/en_US\/turbopunjaci\/#breadcrumb"},"inLanguage":"hr","potentialAction":[{"@type":"ReadAction","target":["http:\/\/www.pumpa-servis.com\/en_US\/turbopunjaci\/"]}]},{"@type":"ImageObject","inLanguage":"hr","@id":"http:\/\/www.pumpa-servis.com\/en_US\/turbopunjaci\/#primaryimage","url":"http:\/\/www.pumpa-servis.com\/wp-content\/uploads\/2016\/06\/slika-turbopunjaca.jpg","contentUrl":"http:\/\/www.pumpa-servis.com\/wp-content\/uploads\/2016\/06\/slika-turbopunjaca.jpg"},{"@type":"BreadcrumbList","@id":"http:\/\/www.pumpa-servis.com\/en_US\/turbopunjaci\/#breadcrumb","itemListElement":[{"@type":"ListItem","position":1,"name":"Po\u010detna stranica","item":"http:\/\/www.pumpa-servis.com\/hr\/"},{"@type":"ListItem","position":2,"name":"TURBOCHARGERS"}]},{"@type":"WebSite","@id":"https:\/\/www.pumpa-servis.com\/#website","url":"https:\/\/www.pumpa-servis.com\/","name":"PUMPA SERVIS","description":"SERVIS BOSCH PUMPI,TURBINA","publisher":{"@id":"https:\/\/www.pumpa-servis.com\/#organization"},"potentialAction":[{"@type":"SearchAction","target":{"@type":"EntryPoint","urlTemplate":"https:\/\/www.pumpa-servis.com\/?s={search_term_string}"},"query-input":{"@type":"PropertyValueSpecification","valueRequired":true,"valueName":"search_term_string"}}],"inLanguage":"hr"},{"@type":"Organization","@id":"https:\/\/www.pumpa-servis.com\/#organization","name":"PUMPA SERVIS","url":"https:\/\/www.pumpa-servis.com\/","logo":{"@type":"ImageObject","inLanguage":"hr","@id":"https:\/\/www.pumpa-servis.com\/#\/schema\/logo\/image\/","url":"http:\/\/www.pumpa-servis.com\/wp-content\/uploads\/2017\/01\/cropped-logo1-e1484501931279-1.png","contentUrl":"http:\/\/www.pumpa-servis.com\/wp-content\/uploads\/2017\/01\/cropped-logo1-e1484501931279-1.png","width":240,"height":32,"caption":"PUMPA SERVIS"},"image":{"@id":"https:\/\/www.pumpa-servis.com\/#\/schema\/logo\/image\/"}}]}},"jetpack_sharing_enabled":true,"jetpack_shortlink":"https:\/\/wp.me\/P7JNOV-D","_links":{"self":[{"href":"http:\/\/www.pumpa-servis.com\/hr\/wp-json\/wp\/v2\/pages\/39","targetHints":{"allow":["GET"]}}],"collection":[{"href":"http:\/\/www.pumpa-servis.com\/hr\/wp-json\/wp\/v2\/pages"}],"about":[{"href":"http:\/\/www.pumpa-servis.com\/hr\/wp-json\/wp\/v2\/types\/page"}],"author":[{"embeddable":true,"href":"http:\/\/www.pumpa-servis.com\/hr\/wp-json\/wp\/v2\/users\/1"}],"replies":[{"embeddable":true,"href":"http:\/\/www.pumpa-servis.com\/hr\/wp-json\/wp\/v2\/comments?post=39"}],"version-history":[{"count":23,"href":"http:\/\/www.pumpa-servis.com\/hr\/wp-json\/wp\/v2\/pages\/39\/revisions"}],"predecessor-version":[{"id":434,"href":"http:\/\/www.pumpa-servis.com\/hr\/wp-json\/wp\/v2\/pages\/39\/revisions\/434"}],"wp:attachment":[{"href":"http:\/\/www.pumpa-servis.com\/hr\/wp-json\/wp\/v2\/media?parent=39"}],"curies":[{"name":"wp","href":"https:\/\/api.w.org\/{rel}","templated":true}]}}