{"id":349,"date":"2017-01-09T23:06:04","date_gmt":"2017-01-09T23:06:04","guid":{"rendered":"http:\/\/www.pumpa-servis.com\/?page_id=349"},"modified":"2017-01-10T00:36:48","modified_gmt":"2017-01-10T00:36:48","slug":"rotacijske-linijske-visokotlacne-pumpe","status":"publish","type":"page","link":"http:\/\/www.pumpa-servis.com\/hr\/rotacijske-linijske-visokotlacne-pumpe\/","title":{"rendered":"ROTACIJSKE I LINIJSKE VT PUMPE"},"content":{"rendered":"<p>&nbsp;<\/p>\n<p><em><span style=\"color: #ff6600;\"><span style=\"color: #993300;\">Rotacijske i linijske VT pumpe jo\u0161 uvijek zastupljene na na\u0161em tr\u017ei\u0161tu. Pokre\u0107u osobne automobile starijeg godi\u0161ta, ali i radne strojeve i brodove. Prednost ovog klasi\u010dnog sistema ubrizgavanja je jednostavno i povoljno odr\u017eavanje, a s druge strane najve\u0107a mana su perfomanse i potro\u0161nja pogonskog goriva<\/span>.<\/span><\/em><br \/> &nbsp;<\/p>\n<p><img loading=\"lazy\" decoding=\"async\" data-attachment-id=\"353\" data-permalink=\"http:\/\/www.pumpa-servis.com\/hr\/rotacijske-linijske-visokotlacne-pumpe\/slika-rot-i-vt-pumpe\/\" data-orig-file=\"http:\/\/www.pumpa-servis.com\/wp-content\/uploads\/2017\/01\/SLIKA-ROT-I-VT-PUMPE.gif\" data-orig-size=\"2159,1163\" data-comments-opened=\"1\" data-image-meta=\"{&quot;aperture&quot;:&quot;0&quot;,&quot;credit&quot;:&quot;&quot;,&quot;camera&quot;:&quot;&quot;,&quot;caption&quot;:&quot;&quot;,&quot;created_timestamp&quot;:&quot;0&quot;,&quot;copyright&quot;:&quot;&quot;,&quot;focal_length&quot;:&quot;0&quot;,&quot;iso&quot;:&quot;0&quot;,&quot;shutter_speed&quot;:&quot;0&quot;,&quot;title&quot;:&quot;&quot;,&quot;orientation&quot;:&quot;0&quot;}\" data-image-title=\"slika-rot-i-vt-pumpe\" data-image-description=\"\" data-image-caption=\"\" data-medium-file=\"http:\/\/www.pumpa-servis.com\/wp-content\/uploads\/2017\/01\/SLIKA-ROT-I-VT-PUMPE-300x162.gif\" data-large-file=\"http:\/\/www.pumpa-servis.com\/wp-content\/uploads\/2017\/01\/SLIKA-ROT-I-VT-PUMPE-1024x552.gif\" class=\"alignnone size-medium wp-image-353\" src=\"http:\/\/www.pumpa-servis.com\/wp-content\/uploads\/2017\/01\/SLIKA-ROT-I-VT-PUMPE-300x162.gif\" alt=\"slika-rot-i-vt-pumpe\" width=\"300\" height=\"162\" srcset=\"http:\/\/www.pumpa-servis.com\/wp-content\/uploads\/2017\/01\/SLIKA-ROT-I-VT-PUMPE-300x162.gif 300w, http:\/\/www.pumpa-servis.com\/wp-content\/uploads\/2017\/01\/SLIKA-ROT-I-VT-PUMPE-768x414.gif 768w, http:\/\/www.pumpa-servis.com\/wp-content\/uploads\/2017\/01\/SLIKA-ROT-I-VT-PUMPE-1024x552.gif 1024w\" sizes=\"auto, (max-width: 300px) 100vw, 300px\" \/><img loading=\"lazy\" decoding=\"async\" data-attachment-id=\"358\" data-permalink=\"http:\/\/www.pumpa-servis.com\/hr\/rotacijske-linijske-visokotlacne-pumpe\/rot3\/\" data-orig-file=\"http:\/\/www.pumpa-servis.com\/wp-content\/uploads\/2017\/01\/ROT3.jpg\" data-orig-size=\"300,225\" data-comments-opened=\"1\" data-image-meta=\"{&quot;aperture&quot;:&quot;0&quot;,&quot;credit&quot;:&quot;&quot;,&quot;camera&quot;:&quot;&quot;,&quot;caption&quot;:&quot;&quot;,&quot;created_timestamp&quot;:&quot;0&quot;,&quot;copyright&quot;:&quot;&quot;,&quot;focal_length&quot;:&quot;0&quot;,&quot;iso&quot;:&quot;0&quot;,&quot;shutter_speed&quot;:&quot;0&quot;,&quot;title&quot;:&quot;&quot;,&quot;orientation&quot;:&quot;0&quot;}\" data-image-title=\"rot3\" data-image-description=\"\" data-image-caption=\"\" data-medium-file=\"http:\/\/www.pumpa-servis.com\/wp-content\/uploads\/2017\/01\/ROT3-300x225.jpg\" data-large-file=\"http:\/\/www.pumpa-servis.com\/wp-content\/uploads\/2017\/01\/ROT3.jpg\" class=\"size-medium wp-image-358 alignright\" src=\"http:\/\/www.pumpa-servis.com\/wp-content\/uploads\/2017\/01\/ROT3-300x225.jpg\" alt=\"rot3\" width=\"300\" height=\"225\"\/><\/p>\n<p>&nbsp;<\/p>\n<p><span style=\"color: #993300;\"><em>U na\u0161em servisu nudimo uslugu popravka svih vrsta konvecionalnih pumpi ovog tipa za vozila, kamione, agrokulturalne strojeve i brodove, bez obzira da li se radi o mehani\u010dki upravljanim ili elektronski upravljanim pumpama. Tako\u0111er nudimo uslugu popravka i pode\u0161avanja \u0161prica (dizni) za ovaj sistem.<\/em><\/span><\/p>\n<p><span style=\"color: #993300;\"><em>Ovaj sistem ubrizgavanja uklju\u010duje ve\u0107i broj proizvo\u0111a\u010da (Bosch, Lucas\/Cav, Delphi, Denso, Zexell&#8230;.) i bez obzira o kojem se proizvo\u0111a\u010du radi, a imate problem, obratite nam se sa povjerenjem.<\/em><\/span><\/p>\n<p><img loading=\"lazy\" decoding=\"async\" data-attachment-id=\"359\" data-permalink=\"http:\/\/www.pumpa-servis.com\/hr\/rotacijske-linijske-visokotlacne-pumpe\/rot2\/\" data-orig-file=\"http:\/\/www.pumpa-servis.com\/wp-content\/uploads\/2017\/01\/ROT2.jpg\" data-orig-size=\"220,152\" data-comments-opened=\"1\" data-image-meta=\"{&quot;aperture&quot;:&quot;0&quot;,&quot;credit&quot;:&quot;&quot;,&quot;camera&quot;:&quot;&quot;,&quot;caption&quot;:&quot;&quot;,&quot;created_timestamp&quot;:&quot;0&quot;,&quot;copyright&quot;:&quot;&quot;,&quot;focal_length&quot;:&quot;0&quot;,&quot;iso&quot;:&quot;0&quot;,&quot;shutter_speed&quot;:&quot;0&quot;,&quot;title&quot;:&quot;&quot;,&quot;orientation&quot;:&quot;0&quot;}\" data-image-title=\"rot2\" data-image-description=\"\" data-image-caption=\"\" data-medium-file=\"http:\/\/www.pumpa-servis.com\/wp-content\/uploads\/2017\/01\/ROT2.jpg\" data-large-file=\"http:\/\/www.pumpa-servis.com\/wp-content\/uploads\/2017\/01\/ROT2.jpg\" class=\"alignnone size-full wp-image-359\" src=\"http:\/\/www.pumpa-servis.com\/wp-content\/uploads\/2017\/01\/ROT2.jpg\" alt=\"rot2\" width=\"220\" height=\"152\"\/><img loading=\"lazy\" decoding=\"async\" data-attachment-id=\"357\" data-permalink=\"http:\/\/www.pumpa-servis.com\/hr\/rotacijske-linijske-visokotlacne-pumpe\/rot4\/\" data-orig-file=\"http:\/\/www.pumpa-servis.com\/wp-content\/uploads\/2017\/01\/ROT4.jpg\" data-orig-size=\"225,169\" data-comments-opened=\"1\" data-image-meta=\"{&quot;aperture&quot;:&quot;0&quot;,&quot;credit&quot;:&quot;&quot;,&quot;camera&quot;:&quot;&quot;,&quot;caption&quot;:&quot;&quot;,&quot;created_timestamp&quot;:&quot;0&quot;,&quot;copyright&quot;:&quot;&quot;,&quot;focal_length&quot;:&quot;0&quot;,&quot;iso&quot;:&quot;0&quot;,&quot;shutter_speed&quot;:&quot;0&quot;,&quot;title&quot;:&quot;&quot;,&quot;orientation&quot;:&quot;0&quot;}\" data-image-title=\"rot4\" data-image-description=\"\" data-image-caption=\"\" data-medium-file=\"http:\/\/www.pumpa-servis.com\/wp-content\/uploads\/2017\/01\/ROT4.jpg\" data-large-file=\"http:\/\/www.pumpa-servis.com\/wp-content\/uploads\/2017\/01\/ROT4.jpg\" class=\"size-full wp-image-357 aligncenter\" src=\"http:\/\/www.pumpa-servis.com\/wp-content\/uploads\/2017\/01\/ROT4.jpg\" alt=\"rot4\" width=\"225\" height=\"169\"\/><img loading=\"lazy\" decoding=\"async\" data-attachment-id=\"356\" data-permalink=\"http:\/\/www.pumpa-servis.com\/hr\/rotacijske-linijske-visokotlacne-pumpe\/rot5\/\" data-orig-file=\"http:\/\/www.pumpa-servis.com\/wp-content\/uploads\/2017\/01\/ROT5.jpg\" data-orig-size=\"225,169\" data-comments-opened=\"1\" data-image-meta=\"{&quot;aperture&quot;:&quot;0&quot;,&quot;credit&quot;:&quot;&quot;,&quot;camera&quot;:&quot;&quot;,&quot;caption&quot;:&quot;&quot;,&quot;created_timestamp&quot;:&quot;0&quot;,&quot;copyright&quot;:&quot;&quot;,&quot;focal_length&quot;:&quot;0&quot;,&quot;iso&quot;:&quot;0&quot;,&quot;shutter_speed&quot;:&quot;0&quot;,&quot;title&quot;:&quot;&quot;,&quot;orientation&quot;:&quot;0&quot;}\" data-image-title=\"rot5\" data-image-description=\"\" data-image-caption=\"\" data-medium-file=\"http:\/\/www.pumpa-servis.com\/wp-content\/uploads\/2017\/01\/ROT5.jpg\" data-large-file=\"http:\/\/www.pumpa-servis.com\/wp-content\/uploads\/2017\/01\/ROT5.jpg\" class=\"size-full wp-image-356 alignright\" src=\"http:\/\/www.pumpa-servis.com\/wp-content\/uploads\/2017\/01\/ROT5.jpg\" alt=\"rot5\" width=\"225\" height=\"169\"\/><\/p>\n","protected":false},"excerpt":{"rendered":"<p>&nbsp;<\/p>\n<p><em><span style=\"color: #ff6600;\"><span style=\"color: #993300;\">Rotacijske i linijske VT pumpe jo\u0161 uvijek zastupljene na na\u0161em tr\u017ei\u0161tu. Pokre\u0107u osobne automobile starijeg godi\u0161ta, ali i radne strojeve i brodove. Prednost ovog klasi\u010dno&#8230;<\/p>\n","protected":false},"author":1,"featured_media":0,"parent":0,"menu_order":2,"comment_status":"closed","ping_status":"closed","template":"","meta":{"ngg_post_thumbnail":0,"jetpack_post_was_ever_published":false,"footnotes":""},"class_list":["post-349","page","type-page","status-publish","hentry"],"yoast_head":"<!-- This site is optimized with the Yoast SEO plugin v24.2 - https:\/\/yoast.com\/wordpress\/plugins\/seo\/ -->\n<title>ROTACIJSKE I LINIJSKE VT PUMPE - PUMPA SERVIS<\/title>\n<meta name=\"robots\" content=\"index, follow, max-snippet:-1, max-image-preview:large, max-video-preview:-1\" \/>\n<link rel=\"canonical\" href=\"http:\/\/www.pumpa-servis.com\/hr\/rotacijske-linijske-visokotlacne-pumpe\/\" \/>\n<meta property=\"og:locale\" content=\"hr_HR\" \/>\n<meta property=\"og:type\" content=\"article\" \/>\n<meta property=\"og:title\" content=\"ROTACIJSKE I LINIJSKE VT PUMPE - PUMPA SERVIS\" \/>\n<meta property=\"og:description\" content=\"&nbsp;Rotacijske i linijske VT pumpe jo\u0161 uvijek zastupljene na na\u0161em tr\u017ei\u0161tu. Pokre\u0107u osobne automobile starijeg godi\u0161ta, ali i radne strojeve i brodove. Prednost ovog klasi\u010dno...\" \/>\n<meta property=\"og:url\" content=\"http:\/\/www.pumpa-servis.com\/hr\/rotacijske-linijske-visokotlacne-pumpe\/\" \/>\n<meta property=\"og:site_name\" content=\"PUMPA SERVIS\" \/>\n<meta property=\"article:modified_time\" content=\"2017-01-10T00:36:48+00:00\" \/>\n<meta property=\"og:image\" content=\"http:\/\/www.pumpa-servis.com\/wp-content\/uploads\/2017\/01\/SLIKA-ROT-I-VT-PUMPE-300x162.gif\" \/>\n<meta name=\"twitter:card\" content=\"summary_large_image\" \/>\n<meta name=\"twitter:label1\" content=\"Procijenjeno vrijeme \u010ditanja\" \/>\n\t<meta name=\"twitter:data1\" content=\"1 minuta\" \/>\n<script type=\"application\/ld+json\" class=\"yoast-schema-graph\">{\"@context\":\"https:\/\/schema.org\",\"@graph\":[{\"@type\":\"WebPage\",\"@id\":\"http:\/\/www.pumpa-servis.com\/hr\/rotacijske-linijske-visokotlacne-pumpe\/\",\"url\":\"http:\/\/www.pumpa-servis.com\/hr\/rotacijske-linijske-visokotlacne-pumpe\/\",\"name\":\"ROTACIJSKE I LINIJSKE VT PUMPE - PUMPA SERVIS\",\"isPartOf\":{\"@id\":\"https:\/\/www.pumpa-servis.com\/#website\"},\"primaryImageOfPage\":{\"@id\":\"http:\/\/www.pumpa-servis.com\/hr\/rotacijske-linijske-visokotlacne-pumpe\/#primaryimage\"},\"image\":{\"@id\":\"http:\/\/www.pumpa-servis.com\/hr\/rotacijske-linijske-visokotlacne-pumpe\/#primaryimage\"},\"thumbnailUrl\":\"http:\/\/www.pumpa-servis.com\/wp-content\/uploads\/2017\/01\/SLIKA-ROT-I-VT-PUMPE-300x162.gif\",\"datePublished\":\"2017-01-09T23:06:04+00:00\",\"dateModified\":\"2017-01-10T00:36:48+00:00\",\"breadcrumb\":{\"@id\":\"http:\/\/www.pumpa-servis.com\/hr\/rotacijske-linijske-visokotlacne-pumpe\/#breadcrumb\"},\"inLanguage\":\"hr\",\"potentialAction\":[{\"@type\":\"ReadAction\",\"target\":[\"http:\/\/www.pumpa-servis.com\/hr\/rotacijske-linijske-visokotlacne-pumpe\/\"]}]},{\"@type\":\"ImageObject\",\"inLanguage\":\"hr\",\"@id\":\"http:\/\/www.pumpa-servis.com\/hr\/rotacijske-linijske-visokotlacne-pumpe\/#primaryimage\",\"url\":\"http:\/\/www.pumpa-servis.com\/wp-content\/uploads\/2017\/01\/SLIKA-ROT-I-VT-PUMPE-300x162.gif\",\"contentUrl\":\"http:\/\/www.pumpa-servis.com\/wp-content\/uploads\/2017\/01\/SLIKA-ROT-I-VT-PUMPE-300x162.gif\"},{\"@type\":\"BreadcrumbList\",\"@id\":\"http:\/\/www.pumpa-servis.com\/hr\/rotacijske-linijske-visokotlacne-pumpe\/#breadcrumb\",\"itemListElement\":[{\"@type\":\"ListItem\",\"position\":1,\"name\":\"Po\u010detna stranica\",\"item\":\"http:\/\/www.pumpa-servis.com\/hr\/\"},{\"@type\":\"ListItem\",\"position\":2,\"name\":\"ROTACIJSKE I LINIJSKE VT PUMPE\"}]},{\"@type\":\"WebSite\",\"@id\":\"https:\/\/www.pumpa-servis.com\/#website\",\"url\":\"https:\/\/www.pumpa-servis.com\/\",\"name\":\"PUMPA SERVIS\",\"description\":\"SERVIS BOSCH PUMPI,TURBINA\",\"publisher\":{\"@id\":\"https:\/\/www.pumpa-servis.com\/#organization\"},\"potentialAction\":[{\"@type\":\"SearchAction\",\"target\":{\"@type\":\"EntryPoint\",\"urlTemplate\":\"https:\/\/www.pumpa-servis.com\/?s={search_term_string}\"},\"query-input\":{\"@type\":\"PropertyValueSpecification\",\"valueRequired\":true,\"valueName\":\"search_term_string\"}}],\"inLanguage\":\"hr\"},{\"@type\":\"Organization\",\"@id\":\"https:\/\/www.pumpa-servis.com\/#organization\",\"name\":\"PUMPA SERVIS\",\"url\":\"https:\/\/www.pumpa-servis.com\/\",\"logo\":{\"@type\":\"ImageObject\",\"inLanguage\":\"hr\",\"@id\":\"https:\/\/www.pumpa-servis.com\/#\/schema\/logo\/image\/\",\"url\":\"http:\/\/www.pumpa-servis.com\/wp-content\/uploads\/2017\/01\/cropped-logo1-e1484501931279-1.png\",\"contentUrl\":\"http:\/\/www.pumpa-servis.com\/wp-content\/uploads\/2017\/01\/cropped-logo1-e1484501931279-1.png\",\"width\":240,\"height\":32,\"caption\":\"PUMPA SERVIS\"},\"image\":{\"@id\":\"https:\/\/www.pumpa-servis.com\/#\/schema\/logo\/image\/\"}}]}<\/script>\n<!-- \/ Yoast SEO plugin. -->","yoast_head_json":{"title":"ROTACIJSKE I LINIJSKE VT PUMPE - PUMPA SERVIS","robots":{"index":"index","follow":"follow","max-snippet":"max-snippet:-1","max-image-preview":"max-image-preview:large","max-video-preview":"max-video-preview:-1"},"canonical":"http:\/\/www.pumpa-servis.com\/hr\/rotacijske-linijske-visokotlacne-pumpe\/","og_locale":"hr_HR","og_type":"article","og_title":"ROTACIJSKE I LINIJSKE VT PUMPE - PUMPA SERVIS","og_description":"&nbsp;Rotacijske i linijske VT pumpe jo\u0161 uvijek zastupljene na na\u0161em tr\u017ei\u0161tu. Pokre\u0107u osobne automobile starijeg godi\u0161ta, ali i radne strojeve i brodove. Prednost ovog klasi\u010dno...","og_url":"http:\/\/www.pumpa-servis.com\/hr\/rotacijske-linijske-visokotlacne-pumpe\/","og_site_name":"PUMPA SERVIS","article_modified_time":"2017-01-10T00:36:48+00:00","og_image":[{"url":"http:\/\/www.pumpa-servis.com\/wp-content\/uploads\/2017\/01\/SLIKA-ROT-I-VT-PUMPE-300x162.gif","type":"","width":"","height":""}],"twitter_card":"summary_large_image","twitter_misc":{"Procijenjeno vrijeme \u010ditanja":"1 minuta"},"schema":{"@context":"https:\/\/schema.org","@graph":[{"@type":"WebPage","@id":"http:\/\/www.pumpa-servis.com\/hr\/rotacijske-linijske-visokotlacne-pumpe\/","url":"http:\/\/www.pumpa-servis.com\/hr\/rotacijske-linijske-visokotlacne-pumpe\/","name":"ROTACIJSKE I LINIJSKE VT PUMPE - PUMPA SERVIS","isPartOf":{"@id":"https:\/\/www.pumpa-servis.com\/#website"},"primaryImageOfPage":{"@id":"http:\/\/www.pumpa-servis.com\/hr\/rotacijske-linijske-visokotlacne-pumpe\/#primaryimage"},"image":{"@id":"http:\/\/www.pumpa-servis.com\/hr\/rotacijske-linijske-visokotlacne-pumpe\/#primaryimage"},"thumbnailUrl":"http:\/\/www.pumpa-servis.com\/wp-content\/uploads\/2017\/01\/SLIKA-ROT-I-VT-PUMPE-300x162.gif","datePublished":"2017-01-09T23:06:04+00:00","dateModified":"2017-01-10T00:36:48+00:00","breadcrumb":{"@id":"http:\/\/www.pumpa-servis.com\/hr\/rotacijske-linijske-visokotlacne-pumpe\/#breadcrumb"},"inLanguage":"hr","potentialAction":[{"@type":"ReadAction","target":["http:\/\/www.pumpa-servis.com\/hr\/rotacijske-linijske-visokotlacne-pumpe\/"]}]},{"@type":"ImageObject","inLanguage":"hr","@id":"http:\/\/www.pumpa-servis.com\/hr\/rotacijske-linijske-visokotlacne-pumpe\/#primaryimage","url":"http:\/\/www.pumpa-servis.com\/wp-content\/uploads\/2017\/01\/SLIKA-ROT-I-VT-PUMPE-300x162.gif","contentUrl":"http:\/\/www.pumpa-servis.com\/wp-content\/uploads\/2017\/01\/SLIKA-ROT-I-VT-PUMPE-300x162.gif"},{"@type":"BreadcrumbList","@id":"http:\/\/www.pumpa-servis.com\/hr\/rotacijske-linijske-visokotlacne-pumpe\/#breadcrumb","itemListElement":[{"@type":"ListItem","position":1,"name":"Po\u010detna stranica","item":"http:\/\/www.pumpa-servis.com\/hr\/"},{"@type":"ListItem","position":2,"name":"ROTACIJSKE I LINIJSKE VT PUMPE"}]},{"@type":"WebSite","@id":"https:\/\/www.pumpa-servis.com\/#website","url":"https:\/\/www.pumpa-servis.com\/","name":"PUMPA SERVIS","description":"SERVIS BOSCH PUMPI,TURBINA","publisher":{"@id":"https:\/\/www.pumpa-servis.com\/#organization"},"potentialAction":[{"@type":"SearchAction","target":{"@type":"EntryPoint","urlTemplate":"https:\/\/www.pumpa-servis.com\/?s={search_term_string}"},"query-input":{"@type":"PropertyValueSpecification","valueRequired":true,"valueName":"search_term_string"}}],"inLanguage":"hr"},{"@type":"Organization","@id":"https:\/\/www.pumpa-servis.com\/#organization","name":"PUMPA SERVIS","url":"https:\/\/www.pumpa-servis.com\/","logo":{"@type":"ImageObject","inLanguage":"hr","@id":"https:\/\/www.pumpa-servis.com\/#\/schema\/logo\/image\/","url":"http:\/\/www.pumpa-servis.com\/wp-content\/uploads\/2017\/01\/cropped-logo1-e1484501931279-1.png","contentUrl":"http:\/\/www.pumpa-servis.com\/wp-content\/uploads\/2017\/01\/cropped-logo1-e1484501931279-1.png","width":240,"height":32,"caption":"PUMPA SERVIS"},"image":{"@id":"https:\/\/www.pumpa-servis.com\/#\/schema\/logo\/image\/"}}]}},"jetpack_sharing_enabled":true,"jetpack_shortlink":"https:\/\/wp.me\/P7JNOV-5D","_links":{"self":[{"href":"http:\/\/www.pumpa-servis.com\/hr\/wp-json\/wp\/v2\/pages\/349","targetHints":{"allow":["GET"]}}],"collection":[{"href":"http:\/\/www.pumpa-servis.com\/hr\/wp-json\/wp\/v2\/pages"}],"about":[{"href":"http:\/\/www.pumpa-servis.com\/hr\/wp-json\/wp\/v2\/types\/page"}],"author":[{"embeddable":true,"href":"http:\/\/www.pumpa-servis.com\/hr\/wp-json\/wp\/v2\/users\/1"}],"replies":[{"embeddable":true,"href":"http:\/\/www.pumpa-servis.com\/hr\/wp-json\/wp\/v2\/comments?post=349"}],"version-history":[{"count":12,"href":"http:\/\/www.pumpa-servis.com\/hr\/wp-json\/wp\/v2\/pages\/349\/revisions"}],"predecessor-version":[{"id":369,"href":"http:\/\/www.pumpa-servis.com\/hr\/wp-json\/wp\/v2\/pages\/349\/revisions\/369"}],"wp:attachment":[{"href":"http:\/\/www.pumpa-servis.com\/hr\/wp-json\/wp\/v2\/media?parent=349"}],"curies":[{"name":"wp","href":"https:\/\/api.w.org\/{rel}","templated":true}]}}